{"id":421,"date":"2024-05-25T10:22:09","date_gmt":"2024-05-25T10:22:09","guid":{"rendered":"https:\/\/canmarine.com.tr\/index.php\/home-2\/"},"modified":"2024-05-28T13:59:53","modified_gmt":"2024-05-28T13:59:53","slug":"home-2","status":"publish","type":"page","link":"https:\/\/canmarine.com.tr\/","title":{"rendered":"Home"},"content":{"rendered":"\n<iframe src=\"https:\/\/www.google.com\/maps\/embed?pb=!1m14!1m8!1m3!1d1506.0331278854292!2d29.04381!3d40.98003!3m2!1i1024!2i768!4f13.1!3m3!1m2!1s0x14cab9ebbec8c9d1%3A0x2e26282b145e0306!2sCanmarine%20Shipping%20and%20Foreign%20Trade!5e0!3m2!1str!2str!4v1716639821714!5m2!1str!2str\" width=\"600\" height=\"450\" style=\"border:0;\" allowfullscreen=\"\" loading=\"lazy\" referrerpolicy=\"no-referrer-when-downgrade\"><\/iframe>\n\n\n\n<div class=\"wp-block-columns is-layout-flex wp-container-core-columns-is-layout-9d6595d7 wp-block-columns-is-layout-flex\">\n<div class=\"wp-block-column is-layout-flow wp-block-column-is-layout-flow\">\n<iframe src=\"https:\/\/www.google.com\/maps\/embed?pb=!1m14!1m8!1m3!1d1506.0331278854292!2d29.04381!3d40.98003!3m2!1i1024!2i768!4f13.1!3m3!1m2!1s0x14cab9ebbec8c9d1%3A0x2e26282b145e0306!2sCanmarine%20Shipping%20and%20Foreign%20Trade!5e0!3m2!1str!2str!4v1716639821714!5m2!1str!2str\" width=\"600\" height=\"450\" style=\"border:0;\" allowfullscreen=\"\" loading=\"lazy\" referrerpolicy=\"no-referrer-when-downgrade\"><\/iframe>\n<\/div>\n<\/div>\n\n\n<div class=\"wpforms-container wpforms-container-full wpforms-block wpforms-block-239433b2-ad33-4bb3-9b36-957a9e89dbb6\" id=\"wpforms-307\"><form id=\"wpforms-form-307\" class=\"wpforms-validate wpforms-form wpforms-ajax-form\" data-formid=\"307\" method=\"post\" enctype=\"multipart\/form-data\" action=\"\/index.php\/wp-json\/wp\/v2\/pages\/421\" data-token=\"641d101b5cb52f86c80e3d133855bc5a\" data-token-time=\"1775284720\"><noscript class=\"wpforms-error-noscript\">Bu formu bitirebilmek i\u00e7in taray\u0131c\u0131n\u0131zda JavaScript&#039;i etkinle\u015ftirin.<\/noscript><div class=\"wpforms-field-container\"><div id=\"wpforms-307-field_0-container\" class=\"wpforms-field wpforms-field-name\" data-field-id=\"0\"><label class=\"wpforms-field-label\">Name and Surname <span class=\"wpforms-required-label\">*<\/span><\/label><div class=\"wpforms-field-row wpforms-field-medium\"><div class=\"wpforms-field-row-block wpforms-first wpforms-one-half\"><input type=\"text\" id=\"wpforms-307-field_0\" class=\"wpforms-field-name-first wpforms-field-required\" name=\"wpforms[fields][0][first]\" required><label for=\"wpforms-307-field_0\" class=\"wpforms-field-sublabel after\">Ad<\/label><\/div><div class=\"wpforms-field-row-block wpforms-one-half\"><input type=\"text\" id=\"wpforms-307-field_0-last\" class=\"wpforms-field-name-last wpforms-field-required\" name=\"wpforms[fields][0][last]\" required><label for=\"wpforms-307-field_0-last\" class=\"wpforms-field-sublabel after\">Soyad<\/label><\/div><\/div><\/div><div id=\"wpforms-307-field_1-container\" class=\"wpforms-field wpforms-field-email\" data-field-id=\"1\"><label class=\"wpforms-field-label\" for=\"wpforms-307-field_1\">E-mail <span class=\"wpforms-required-label\">*<\/span><\/label><input type=\"email\" id=\"wpforms-307-field_1\" class=\"wpforms-field-medium wpforms-field-required\" name=\"wpforms[fields][1]\" spellcheck=\"false\" required><\/div><div id=\"wpforms-307-field_2-container\" class=\"wpforms-field wpforms-field-textarea\" data-field-id=\"2\"><label class=\"wpforms-field-label\" for=\"wpforms-307-field_2\">Your Message<\/label><textarea id=\"wpforms-307-field_2\" class=\"wpforms-field-medium\" name=\"wpforms[fields][2]\" ><\/textarea><\/div><\/div><!-- .wpforms-field-container --><div class=\"wpforms-submit-container\" ><input type=\"hidden\" name=\"wpforms[id]\" value=\"307\"><input type=\"hidden\" name=\"page_title\" value=\"\"><input type=\"hidden\" name=\"page_url\" value=\"https:\/\/canmarine.com.tr\/index.php\/wp-json\/wp\/v2\/pages\/421\"><input type=\"hidden\" name=\"url_referer\" value=\"\"><button type=\"submit\" name=\"wpforms[submit]\" id=\"wpforms-submit-307\" class=\"wpforms-submit\" data-alt-text=\"Sending...\" data-submit-text=\"Send\" aria-live=\"assertive\" value=\"wpforms-submit\">Send<\/button><img loading=\"lazy\" decoding=\"async\" src=\"https:\/\/canmarine.com.tr\/wp-content\/plugins\/wpforms-lite\/assets\/images\/submit-spin.svg\" class=\"wpforms-submit-spinner\" style=\"display: none;\" width=\"26\" height=\"26\" alt=\"Y\u00fckleniyor\"><\/div><\/form><\/div>  <!-- .wpforms-container -->","protected":false},"excerpt":{"rendered":"","protected":false},"author":1,"featured_media":0,"parent":0,"menu_order":0,"comment_status":"closed","ping_status":"closed","template":"templates\/template-homepage.php","meta":{"footnotes":""},"class_list":["post-421","page","type-page","status-publish","hentry"],"_links":{"self":[{"href":"https:\/\/canmarine.com.tr\/index.php\/wp-json\/wp\/v2\/pages\/421","targetHints":{"allow":["GET"]}}],"collection":[{"href":"https:\/\/canmarine.com.tr\/index.php\/wp-json\/wp\/v2\/pages"}],"about":[{"href":"https:\/\/canmarine.com.tr\/index.php\/wp-json\/wp\/v2\/types\/page"}],"author":[{"embeddable":true,"href":"https:\/\/canmarine.com.tr\/index.php\/wp-json\/wp\/v2\/users\/1"}],"replies":[{"embeddable":true,"href":"https:\/\/canmarine.com.tr\/index.php\/wp-json\/wp\/v2\/comments?post=421"}],"version-history":[{"count":3,"href":"https:\/\/canmarine.com.tr\/index.php\/wp-json\/wp\/v2\/pages\/421\/revisions"}],"predecessor-version":[{"id":451,"href":"https:\/\/canmarine.com.tr\/index.php\/wp-json\/wp\/v2\/pages\/421\/revisions\/451"}],"wp:attachment":[{"href":"https:\/\/canmarine.com.tr\/index.php\/wp-json\/wp\/v2\/media?parent=421"}],"curies":[{"name":"wp","href":"https:\/\/api.w.org\/{rel}","templated":true}]}}